{"id":38,"date":"2023-10-23T12:45:59","date_gmt":"2023-10-23T10:45:59","guid":{"rendered":"https:\/\/citizens4ped.eu\/?page_id=38"},"modified":"2024-11-27T15:15:04","modified_gmt":"2024-11-27T14:15:04","slug":"news","status":"publish","type":"page","link":"https:\/\/citizens4ped.eu\/index.php\/news\/","title":{"rendered":"News"},"content":{"rendered":"\n<p>Here are the latest news from the project. <\/p>\n\n\n\n<p>&#8211;&gt; Click to read full article.<\/p>\n\n\n\n<div class=\"wp-block-query is-layout-flow wp-block-query-is-layout-flow\"><ul class=\"wp-block-post-template is-layout-flow wp-block-post-template-is-layout-flow\"><li class=\"wp-block-post post-302 post type-post status-publish format-standard has-post-thumbnail hentry category-non-classe\">\n\n<div class=\"wp-block-columns alignwide is-layout-flex wp-container-core-columns-is-layout-28f84493 wp-block-columns-is-layout-flex\">\n<div class=\"wp-block-column is-layout-flow wp-block-column-is-layout-flow\" style=\"flex-basis:66.66%\"><figure class=\"wp-block-post-featured-image\"><a href=\"https:\/\/citizens4ped.eu\/index.php\/2025\/06\/05\/citizens4ped-final-consortium-meeting-in-bari-italy-june-2025\/\" target=\"_self\"  ><img loading=\"lazy\" decoding=\"async\" width=\"2304\" height=\"1550\" src=\"https:\/\/citizens4ped.eu\/wp-content\/uploads\/2025\/06\/20250604_133858-scaled-e1749116427985.jpg\" class=\"attachment-post-thumbnail size-post-thumbnail wp-post-image\" alt=\"Citizens4PED final consortium meeting in Bari, Italy (June 2025)\" style=\"object-fit:cover;\" srcset=\"https:\/\/citizens4ped.eu\/wp-content\/uploads\/2025\/06\/20250604_133858-scaled-e1749116427985.jpg 2304w, https:\/\/citizens4ped.eu\/wp-content\/uploads\/2025\/06\/20250604_133858-scaled-e1749116427985-300x202.jpg 300w, https:\/\/citizens4ped.eu\/wp-content\/uploads\/2025\/06\/20250604_133858-scaled-e1749116427985-1024x689.jpg 1024w, https:\/\/citizens4ped.eu\/wp-content\/uploads\/2025\/06\/20250604_133858-scaled-e1749116427985-768x517.jpg 768w, https:\/\/citizens4ped.eu\/wp-content\/uploads\/2025\/06\/20250604_133858-scaled-e1749116427985-1536x1033.jpg 1536w, https:\/\/citizens4ped.eu\/wp-content\/uploads\/2025\/06\/20250604_133858-scaled-e1749116427985-2048x1378.jpg 2048w\" sizes=\"auto, (max-width: 2304px) 100vw, 2304px\" \/><\/a><\/figure><\/div>\n\n\n\n<div class=\"wp-block-column is-layout-flow wp-block-column-is-layout-flow\" style=\"flex-basis:33.33%\"><h2 class=\"wp-block-post-title\"><a href=\"https:\/\/citizens4ped.eu\/index.php\/2025\/06\/05\/citizens4ped-final-consortium-meeting-in-bari-italy-june-2025\/\" target=\"_self\" >Citizens4PED final consortium meeting in Bari, Italy (June 2025)<\/a><\/h2>\n\n<div class=\"wp-block-post-excerpt\"><p class=\"wp-block-post-excerpt__excerpt\">Our final consortium meeting is taking place from the 4th to the 6th of June and is the opportunity to finalise and consolidate all\u2026 <\/p><\/div><\/div>\n<\/div>\n\n<\/li><li class=\"wp-block-post post-297 post type-post status-publish format-standard has-post-thumbnail hentry category-non-classe\">\n\n<div class=\"wp-block-columns alignwide is-layout-flex wp-container-core-columns-is-layout-28f84493 wp-block-columns-is-layout-flex\">\n<div class=\"wp-block-column is-layout-flow wp-block-column-is-layout-flow\" style=\"flex-basis:66.66%\"><figure class=\"wp-block-post-featured-image\"><a href=\"https:\/\/citizens4ped.eu\/index.php\/2025\/04\/29\/citizens4ped-at-beclimatehub\/\" target=\"_self\"  ><img loading=\"lazy\" decoding=\"async\" width=\"849\" height=\"969\" src=\"https:\/\/citizens4ped.eu\/wp-content\/uploads\/2025\/04\/Capture-decran-2025-04-29-153936.png\" class=\"attachment-post-thumbnail size-post-thumbnail wp-post-image\" alt=\"Citizens4PED at BeClimateHub\" style=\"object-fit:cover;\" srcset=\"https:\/\/citizens4ped.eu\/wp-content\/uploads\/2025\/04\/Capture-decran-2025-04-29-153936.png 849w, https:\/\/citizens4ped.eu\/wp-content\/uploads\/2025\/04\/Capture-decran-2025-04-29-153936-263x300.png 263w, https:\/\/citizens4ped.eu\/wp-content\/uploads\/2025\/04\/Capture-decran-2025-04-29-153936-768x877.png 768w\" sizes=\"auto, (max-width: 849px) 100vw, 849px\" \/><\/a><\/figure><\/div>\n\n\n\n<div class=\"wp-block-column is-layout-flow wp-block-column-is-layout-flow\" style=\"flex-basis:33.33%\"><h2 class=\"wp-block-post-title\"><a href=\"https:\/\/citizens4ped.eu\/index.php\/2025\/04\/29\/citizens4ped-at-beclimatehub\/\" target=\"_self\" >Citizens4PED at BeClimateHub<\/a><\/h2>\n\n<div class=\"wp-block-post-excerpt\"><p class=\"wp-block-post-excerpt__excerpt\">This Wednesday, Resolia\/VUB will present at BeClimateHub the optimisation tool works and findings regarding the optimisation tool developed to optimise the design of a\u2026 <\/p><\/div><\/div>\n<\/div>\n\n<\/li><li class=\"wp-block-post post-285 post type-post status-publish format-standard has-post-thumbnail hentry category-non-classe\">\n\n<div class=\"wp-block-columns alignwide is-layout-flex wp-container-core-columns-is-layout-28f84493 wp-block-columns-is-layout-flex\">\n<div class=\"wp-block-column is-layout-flow wp-block-column-is-layout-flow\" style=\"flex-basis:66.66%\"><figure class=\"wp-block-post-featured-image\"><a href=\"https:\/\/citizens4ped.eu\/index.php\/2025\/04\/11\/paper-published\/\" target=\"_self\"  ><img loading=\"lazy\" decoding=\"async\" width=\"695\" height=\"416\" src=\"https:\/\/citizens4ped.eu\/wp-content\/uploads\/2025\/04\/Capture-decran-2025-04-11-125353.png\" class=\"attachment-post-thumbnail size-post-thumbnail wp-post-image\" alt=\"Paper published !\" style=\"object-fit:cover;\" srcset=\"https:\/\/citizens4ped.eu\/wp-content\/uploads\/2025\/04\/Capture-decran-2025-04-11-125353.png 695w, https:\/\/citizens4ped.eu\/wp-content\/uploads\/2025\/04\/Capture-decran-2025-04-11-125353-300x180.png 300w\" sizes=\"auto, (max-width: 695px) 100vw, 695px\" \/><\/a><\/figure><\/div>\n\n\n\n<div class=\"wp-block-column is-layout-flow wp-block-column-is-layout-flow\" style=\"flex-basis:33.33%\"><h2 class=\"wp-block-post-title\"><a href=\"https:\/\/citizens4ped.eu\/index.php\/2025\/04\/11\/paper-published\/\" target=\"_self\" >Paper published !<\/a><\/h2>\n\n<div class=\"wp-block-post-excerpt\"><p class=\"wp-block-post-excerpt__excerpt\">We&rsquo;re glad to inform you that our paper \u00ab\u00a0Pathways to Positive Energy Districts: A Comprehensive Techno-Economic and Environmental Analysis Using Multi-Objective Optimization\u00a0\u00bb has been\u2026 <\/p><\/div><\/div>\n<\/div>\n\n<\/li><li class=\"wp-block-post post-281 post type-post status-publish format-standard has-post-thumbnail hentry category-non-classe\">\n\n<div class=\"wp-block-columns alignwide is-layout-flex wp-container-core-columns-is-layout-28f84493 wp-block-columns-is-layout-flex\">\n<div class=\"wp-block-column is-layout-flow wp-block-column-is-layout-flow\" style=\"flex-basis:66.66%\"><figure class=\"wp-block-post-featured-image\"><a href=\"https:\/\/citizens4ped.eu\/index.php\/2025\/04\/11\/citizens4ped-participation-at-brite-workshop-on-january-25-th-2024\/\" target=\"_self\"  ><img loading=\"lazy\" decoding=\"async\" width=\"2560\" height=\"1920\" src=\"https:\/\/citizens4ped.eu\/wp-content\/uploads\/2025\/04\/20240125_094426-scaled.jpg\" class=\"attachment-post-thumbnail size-post-thumbnail wp-post-image\" alt=\"Citizens4PED participation at BRITE Workshop on January 25 th , 2024\" style=\"object-fit:cover;\" srcset=\"https:\/\/citizens4ped.eu\/wp-content\/uploads\/2025\/04\/20240125_094426-scaled.jpg 2560w, https:\/\/citizens4ped.eu\/wp-content\/uploads\/2025\/04\/20240125_094426-300x225.jpg 300w, https:\/\/citizens4ped.eu\/wp-content\/uploads\/2025\/04\/20240125_094426-1024x768.jpg 1024w, https:\/\/citizens4ped.eu\/wp-content\/uploads\/2025\/04\/20240125_094426-768x576.jpg 768w, https:\/\/citizens4ped.eu\/wp-content\/uploads\/2025\/04\/20240125_094426-1536x1152.jpg 1536w, https:\/\/citizens4ped.eu\/wp-content\/uploads\/2025\/04\/20240125_094426-2048x1536.jpg 2048w\" sizes=\"auto, (max-width: 2560px) 100vw, 2560px\" \/><\/a><\/figure><\/div>\n\n\n\n<div class=\"wp-block-column is-layout-flow wp-block-column-is-layout-flow\" style=\"flex-basis:33.33%\"><h2 class=\"wp-block-post-title\"><a href=\"https:\/\/citizens4ped.eu\/index.php\/2025\/04\/11\/citizens4ped-participation-at-brite-workshop-on-january-25-th-2024\/\" target=\"_self\" >Citizens4PED participation at BRITE Workshop on January 25 th , 2024<\/a><\/h2>\n\n<div class=\"wp-block-post-excerpt\"><p class=\"wp-block-post-excerpt__excerpt\">VUB and Resolia&rsquo;s partners opened the 2024 BRITE workshop with their presentation \u201cMulti-criteria, optimal design of energy systems for Positive Energy Districts, including reduced\u2026 <\/p><\/div><\/div>\n<\/div>\n\n<\/li><li class=\"wp-block-post post-257 post type-post status-publish format-standard has-post-thumbnail hentry category-non-classe\">\n\n<div class=\"wp-block-columns alignwide is-layout-flex wp-container-core-columns-is-layout-28f84493 wp-block-columns-is-layout-flex\">\n<div class=\"wp-block-column is-layout-flow wp-block-column-is-layout-flow\" style=\"flex-basis:66.66%\"><figure class=\"wp-block-post-featured-image\"><a href=\"https:\/\/citizens4ped.eu\/index.php\/2024\/11\/06\/ped-energy-center-design-optimisation-our-tool-to-support-stakeholder-decision-making\/\" target=\"_self\"  ><img loading=\"lazy\" decoding=\"async\" width=\"1384\" height=\"770\" src=\"https:\/\/citizens4ped.eu\/wp-content\/uploads\/2024\/11\/WP3_ext2.jpg\" class=\"attachment-post-thumbnail size-post-thumbnail wp-post-image\" alt=\"PED Energy Center Design optimisation: Our tool to Support Stakeholder Decision-Making\" style=\"object-fit:cover;\" srcset=\"https:\/\/citizens4ped.eu\/wp-content\/uploads\/2024\/11\/WP3_ext2.jpg 1384w, https:\/\/citizens4ped.eu\/wp-content\/uploads\/2024\/11\/WP3_ext2-300x167.jpg 300w, https:\/\/citizens4ped.eu\/wp-content\/uploads\/2024\/11\/WP3_ext2-1024x570.jpg 1024w, https:\/\/citizens4ped.eu\/wp-content\/uploads\/2024\/11\/WP3_ext2-768x427.jpg 768w\" sizes=\"auto, (max-width: 1384px) 100vw, 1384px\" \/><\/a><\/figure><\/div>\n\n\n\n<div class=\"wp-block-column is-layout-flow wp-block-column-is-layout-flow\" style=\"flex-basis:33.33%\"><h2 class=\"wp-block-post-title\"><a href=\"https:\/\/citizens4ped.eu\/index.php\/2024\/11\/06\/ped-energy-center-design-optimisation-our-tool-to-support-stakeholder-decision-making\/\" target=\"_self\" >PED Energy Center Design optimisation: Our tool to Support Stakeholder Decision-Making<\/a><\/h2>\n\n<div class=\"wp-block-post-excerpt\"><p class=\"wp-block-post-excerpt__excerpt\">Last month, VUB and Resolia partners presented to the Citizens4PED consortium their works and findings regarding the optimisation tool developed to optimise the design\u2026 <\/p><\/div><\/div>\n<\/div>\n\n<\/li><li class=\"wp-block-post post-231 post type-post status-publish format-standard has-post-thumbnail hentry category-non-classe\">\n\n<div class=\"wp-block-columns alignwide is-layout-flex wp-container-core-columns-is-layout-28f84493 wp-block-columns-is-layout-flex\">\n<div class=\"wp-block-column is-layout-flow wp-block-column-is-layout-flow\" style=\"flex-basis:66.66%\"><figure class=\"wp-block-post-featured-image\"><a href=\"https:\/\/citizens4ped.eu\/index.php\/2024\/08\/28\/ensemble-construisons-un-avenir-energetique-durable-a-la-roue\/\" target=\"_self\"  ><img loading=\"lazy\" decoding=\"async\" width=\"2008\" height=\"1126\" src=\"https:\/\/citizens4ped.eu\/wp-content\/uploads\/2023\/11\/La-roue.jpg\" class=\"attachment-post-thumbnail size-post-thumbnail wp-post-image\" alt=\"Focus Groups (FR\/NL)\" style=\"object-fit:cover;\" srcset=\"https:\/\/citizens4ped.eu\/wp-content\/uploads\/2023\/11\/La-roue.jpg 2008w, https:\/\/citizens4ped.eu\/wp-content\/uploads\/2023\/11\/La-roue-300x168.jpg 300w, https:\/\/citizens4ped.eu\/wp-content\/uploads\/2023\/11\/La-roue-1024x574.jpg 1024w, https:\/\/citizens4ped.eu\/wp-content\/uploads\/2023\/11\/La-roue-768x431.jpg 768w, https:\/\/citizens4ped.eu\/wp-content\/uploads\/2023\/11\/La-roue-1536x861.jpg 1536w\" sizes=\"auto, (max-width: 2008px) 100vw, 2008px\" \/><\/a><\/figure><\/div>\n\n\n\n<div class=\"wp-block-column is-layout-flow wp-block-column-is-layout-flow\" style=\"flex-basis:33.33%\"><h2 class=\"wp-block-post-title\"><a href=\"https:\/\/citizens4ped.eu\/index.php\/2024\/08\/28\/ensemble-construisons-un-avenir-energetique-durable-a-la-roue\/\" target=\"_self\" >Focus Groups (FR\/NL)<\/a><\/h2>\n\n<div class=\"wp-block-post-excerpt\"><p class=\"wp-block-post-excerpt__excerpt\">&#8211;&gt; Nederlandse versie hieronder Ensemble, Construisons un Avenir \u00c9nerg\u00e9tique Durable \u00e0 La Roue ! Qui sommes-nous ? Nous sommes Citizens4PED, un projet de recherche\u2026 <\/p><\/div><\/div>\n<\/div>\n\n<\/li><li class=\"wp-block-post post-228 post type-post status-publish format-standard has-post-thumbnail hentry category-non-classe\">\n\n<div class=\"wp-block-columns alignwide is-layout-flex wp-container-core-columns-is-layout-28f84493 wp-block-columns-is-layout-flex\">\n<div class=\"wp-block-column is-layout-flow wp-block-column-is-layout-flow\" style=\"flex-basis:66.66%\"><figure class=\"wp-block-post-featured-image\"><a href=\"https:\/\/citizens4ped.eu\/index.php\/2024\/07\/24\/consortium-meeting-in-vienna-june-2024\/\" target=\"_self\"  ><img loading=\"lazy\" decoding=\"async\" width=\"2560\" height=\"1440\" src=\"https:\/\/citizens4ped.eu\/wp-content\/uploads\/2024\/07\/20240606_172620-scaled.jpg\" class=\"attachment-post-thumbnail size-post-thumbnail wp-post-image\" alt=\"Consortium Meeting in Vienna (June 2024)\u00a0\" style=\"object-fit:cover;\" srcset=\"https:\/\/citizens4ped.eu\/wp-content\/uploads\/2024\/07\/20240606_172620-scaled.jpg 2560w, https:\/\/citizens4ped.eu\/wp-content\/uploads\/2024\/07\/20240606_172620-300x169.jpg 300w, https:\/\/citizens4ped.eu\/wp-content\/uploads\/2024\/07\/20240606_172620-1024x576.jpg 1024w, https:\/\/citizens4ped.eu\/wp-content\/uploads\/2024\/07\/20240606_172620-768x432.jpg 768w, https:\/\/citizens4ped.eu\/wp-content\/uploads\/2024\/07\/20240606_172620-1536x864.jpg 1536w, https:\/\/citizens4ped.eu\/wp-content\/uploads\/2024\/07\/20240606_172620-2048x1152.jpg 2048w\" sizes=\"auto, (max-width: 2560px) 100vw, 2560px\" \/><\/a><\/figure><\/div>\n\n\n\n<div class=\"wp-block-column is-layout-flow wp-block-column-is-layout-flow\" style=\"flex-basis:33.33%\"><h2 class=\"wp-block-post-title\"><a href=\"https:\/\/citizens4ped.eu\/index.php\/2024\/07\/24\/consortium-meeting-in-vienna-june-2024\/\" target=\"_self\" >Consortium Meeting in Vienna (June 2024)\u00a0<\/a><\/h2>\n\n<div class=\"wp-block-post-excerpt\"><p class=\"wp-block-post-excerpt__excerpt\">Progress and Future Steps for Citizens4PED From June 5th to June 7th, the project partners held a dynamic and insightful consortium meeting in Vienna.\u2026 <\/p><\/div><\/div>\n<\/div>\n\n<\/li><li class=\"wp-block-post post-224 post type-post status-publish format-standard has-post-thumbnail hentry category-non-classe\">\n\n<div class=\"wp-block-columns alignwide is-layout-flex wp-container-core-columns-is-layout-28f84493 wp-block-columns-is-layout-flex\">\n<div class=\"wp-block-column is-layout-flow wp-block-column-is-layout-flow\" style=\"flex-basis:66.66%\"><figure class=\"wp-block-post-featured-image\"><a href=\"https:\/\/citizens4ped.eu\/index.php\/2024\/07\/24\/citizens4ped-shines-at-dut-conference-2024-in-brussels\/\" target=\"_self\"  ><img loading=\"lazy\" decoding=\"async\" width=\"1024\" height=\"299\" src=\"https:\/\/citizens4ped.eu\/wp-content\/uploads\/2024\/07\/DUT-conference-banner-1024x299-1.png\" class=\"attachment-post-thumbnail size-post-thumbnail wp-post-image\" alt=\"Citizens4PED Shines at DUT Conference 2024 in Brussels\" style=\"object-fit:cover;\" srcset=\"https:\/\/citizens4ped.eu\/wp-content\/uploads\/2024\/07\/DUT-conference-banner-1024x299-1.png 1024w, https:\/\/citizens4ped.eu\/wp-content\/uploads\/2024\/07\/DUT-conference-banner-1024x299-1-300x88.png 300w, https:\/\/citizens4ped.eu\/wp-content\/uploads\/2024\/07\/DUT-conference-banner-1024x299-1-768x224.png 768w\" sizes=\"auto, (max-width: 1024px) 100vw, 1024px\" \/><\/a><\/figure><\/div>\n\n\n\n<div class=\"wp-block-column is-layout-flow wp-block-column-is-layout-flow\" style=\"flex-basis:33.33%\"><h2 class=\"wp-block-post-title\"><a href=\"https:\/\/citizens4ped.eu\/index.php\/2024\/07\/24\/citizens4ped-shines-at-dut-conference-2024-in-brussels\/\" target=\"_self\" >Citizens4PED Shines at DUT Conference 2024 in Brussels<\/a><\/h2>\n\n<div class=\"wp-block-post-excerpt\"><p class=\"wp-block-post-excerpt__excerpt\">The Citizens4PED project was presented at the prestigious DUT Conference 2024, held from April 10-12 in Brussels. The conference, themed \u00ab\u00a0Driving Urban Transitions through\u2026 <\/p><\/div><\/div>\n<\/div>\n\n<\/li><li class=\"wp-block-post post-67 post type-post status-publish format-standard has-post-thumbnail hentry category-non-classe\">\n\n<div class=\"wp-block-columns alignwide is-layout-flex wp-container-core-columns-is-layout-28f84493 wp-block-columns-is-layout-flex\">\n<div class=\"wp-block-column is-layout-flow wp-block-column-is-layout-flow\" style=\"flex-basis:66.66%\"><figure class=\"wp-block-post-featured-image\"><a href=\"https:\/\/citizens4ped.eu\/index.php\/2023\/10\/23\/consortium-gathering-in-brussels\/\" target=\"_self\"  ><img loading=\"lazy\" decoding=\"async\" width=\"2560\" height=\"1920\" src=\"https:\/\/citizens4ped.eu\/wp-content\/uploads\/2023\/10\/20230601_180347-scaled.jpg\" class=\"attachment-post-thumbnail size-post-thumbnail wp-post-image\" alt=\"Consortium gathering in Brussels\" style=\"object-fit:cover;\" srcset=\"https:\/\/citizens4ped.eu\/wp-content\/uploads\/2023\/10\/20230601_180347-scaled.jpg 2560w, https:\/\/citizens4ped.eu\/wp-content\/uploads\/2023\/10\/20230601_180347-300x225.jpg 300w, https:\/\/citizens4ped.eu\/wp-content\/uploads\/2023\/10\/20230601_180347-1024x768.jpg 1024w, https:\/\/citizens4ped.eu\/wp-content\/uploads\/2023\/10\/20230601_180347-768x576.jpg 768w, https:\/\/citizens4ped.eu\/wp-content\/uploads\/2023\/10\/20230601_180347-1536x1152.jpg 1536w, https:\/\/citizens4ped.eu\/wp-content\/uploads\/2023\/10\/20230601_180347-2048x1536.jpg 2048w\" sizes=\"auto, (max-width: 2560px) 100vw, 2560px\" \/><\/a><\/figure><\/div>\n\n\n\n<div class=\"wp-block-column is-layout-flow wp-block-column-is-layout-flow\" style=\"flex-basis:33.33%\"><h2 class=\"wp-block-post-title\"><a href=\"https:\/\/citizens4ped.eu\/index.php\/2023\/10\/23\/consortium-gathering-in-brussels\/\" target=\"_self\" >Consortium gathering in Brussels<\/a><\/h2>\n\n<div class=\"wp-block-post-excerpt\"><p class=\"wp-block-post-excerpt__excerpt\">Our consortium met during 3 days in Brussels around meetings, workshops and living labs visits. <\/p><\/div><\/div>\n<\/div>\n\n<\/li><\/ul><\/div>\n","protected":false},"excerpt":{"rendered":"<p>Here are the latest news from the project. &#8211;&gt; Click to read full article.<\/p>\n","protected":false},"author":1,"featured_media":0,"parent":0,"menu_order":0,"comment_status":"closed","ping_status":"closed","template":"","meta":{"footnotes":""},"class_list":["post-38","page","type-page","status-publish","hentry"],"_links":{"self":[{"href":"https:\/\/citizens4ped.eu\/index.php\/wp-json\/wp\/v2\/pages\/38","targetHints":{"allow":["GET"]}}],"collection":[{"href":"https:\/\/citizens4ped.eu\/index.php\/wp-json\/wp\/v2\/pages"}],"about":[{"href":"https:\/\/citizens4ped.eu\/index.php\/wp-json\/wp\/v2\/types\/page"}],"author":[{"embeddable":true,"href":"https:\/\/citizens4ped.eu\/index.php\/wp-json\/wp\/v2\/users\/1"}],"replies":[{"embeddable":true,"href":"https:\/\/citizens4ped.eu\/index.php\/wp-json\/wp\/v2\/comments?post=38"}],"version-history":[{"count":10,"href":"https:\/\/citizens4ped.eu\/index.php\/wp-json\/wp\/v2\/pages\/38\/revisions"}],"predecessor-version":[{"id":271,"href":"https:\/\/citizens4ped.eu\/index.php\/wp-json\/wp\/v2\/pages\/38\/revisions\/271"}],"wp:attachment":[{"href":"https:\/\/citizens4ped.eu\/index.php\/wp-json\/wp\/v2\/media?parent=38"}],"curies":[{"name":"wp","href":"https:\/\/api.w.org\/{rel}","templated":true}]}}